{"id":78,"date":"2025-06-06T01:08:37","date_gmt":"2025-06-05T23:08:37","guid":{"rendered":"https:\/\/wordpress2381438.home.pl\/autoinstalator\/wordpressplus1\/?page_id=78"},"modified":"2026-02-25T23:33:24","modified_gmt":"2026-02-25T22:33:24","slug":"oferta","status":"publish","type":"page","link":"https:\/\/www.artmatina.pl\/index.php\/oferta\/","title":{"rendered":""},"content":{"rendered":"\t\t<div data-elementor-type=\"wp-page\" data-elementor-id=\"78\" class=\"elementor elementor-78\">\n\t\t\t\t<div class=\"elementor-element elementor-element-f7a529c e-flex e-con-boxed e-con e-parent\" data-id=\"f7a529c\" data-element_type=\"container\" data-settings=\"{&quot;background_background&quot;:&quot;slideshow&quot;,&quot;background_slideshow_gallery&quot;:[{&quot;id&quot;:82,&quot;url&quot;:&quot;http:\\\/\\\/wordpress2381438.home.pl\\\/autoinstalator\\\/wordpressplus1\\\/wp-content\\\/uploads\\\/2025\\\/06\\\/sigmund-OV44gxH71DU-unsplash-scaled.jpg&quot;}],&quot;background_slideshow_loop&quot;:&quot;yes&quot;,&quot;background_slideshow_slide_duration&quot;:5000,&quot;background_slideshow_slide_transition&quot;:&quot;fade&quot;,&quot;background_slideshow_transition_duration&quot;:500}\">\n\t\t\t\t\t<div class=\"e-con-inner\">\n\t\t\t\t\t<\/div>\n\t\t\t\t<\/div>\n\t\t<div class=\"elementor-element elementor-element-34d1a7f e-flex e-con-boxed e-con e-parent\" data-id=\"34d1a7f\" data-element_type=\"container\">\n\t\t\t\t\t<div class=\"e-con-inner\">\n\t\t\t\t<div class=\"elementor-element elementor-element-e51c28c elementor-widget elementor-widget-heading\" data-id=\"e51c28c\" data-element_type=\"widget\" data-widget_type=\"heading.default\">\n\t\t\t\t<div class=\"elementor-widget-container\">\n\t\t\t\t\t<h2 class=\"elementor-heading-title elementor-size-default\">Oferta<\/h2>\t\t\t\t<\/div>\n\t\t\t\t<\/div>\n\t\t\t\t\t<\/div>\n\t\t\t\t<\/div>\n\t\t<div class=\"elementor-element elementor-element-19b510d e-flex e-con-boxed e-con e-parent\" data-id=\"19b510d\" data-element_type=\"container\">\n\t\t\t\t\t<div class=\"e-con-inner\">\n\t\t\t\t<div class=\"elementor-element elementor-element-d89d83d elementor-widget elementor-widget-text-editor\" data-id=\"d89d83d\" data-element_type=\"widget\" data-widget_type=\"text-editor.default\">\n\t\t\t\t<div class=\"elementor-widget-container\">\n\t\t\t\t\t\t\t\t\t<p class=\"s2\"><span class=\"s3\">Ka\u017cda pozycja w naszej ofercie to nie tylko wspania\u0142a rozrywka dla dzieci, ale przede wszystkim \u00a0rozw\u00f3j spo\u0142eczny, intelektualny, artystyczny i kulturowy. Ponadto jeste\u015bmy elastyczni i dopasowujemy si\u0119 do potrzeb klienta. Zapewniamy fantastyczn\u0105 zabaw\u0119 zar\u00f3wno w warunkach domowych, jak r\u00f3wnie\u017c w plac\u00f3wkach o\u015bwiatowych i du\u017cych salach. Potrzebujemy jedynie grupy wspania\u0142ych dzieci, dla kt\u00f3rych zorganizujemy czas.<\/span><\/p><p class=\"s2\"><span class=\"s3\">Niekt\u00f3re z naszych us\u0142ug:<\/span><\/p><ul><li class=\"s2\"><span class=\"s3\">Teatr mobilny (spektakle realizowane m.in. w szkole i przedszkolu)<\/span><\/li><li class=\"s2\"><span class=\"s3\">Warsztaty teatralne<\/span><\/li><li class=\"s2\"><span class=\"s3\">Animacje dla dzieci<\/span><\/li><li class=\"s2\"><span class=\"s3\">Imprezy okoliczno\u015bciowe<\/span><\/li><li class=\"s2\"><span class=\"s3\">Bale i dyskoteki<\/span><\/li><li class=\"s2\"><span class=\"s3\">Us\u0142ugi konferansjerskie<\/span><\/li><\/ul>\t\t\t\t\t\t\t\t<\/div>\n\t\t\t\t<\/div>\n\t\t\t\t\t<\/div>\n\t\t\t\t<\/div>\n\t\t<div class=\"elementor-element elementor-element-e06e6d0 e-flex e-con-boxed e-con e-parent\" data-id=\"e06e6d0\" data-element_type=\"container\" data-settings=\"{&quot;background_background&quot;:&quot;slideshow&quot;,&quot;background_slideshow_gallery&quot;:[{&quot;id&quot;:46,&quot;url&quot;:&quot;http:\\\/\\\/www.artmatina.pl\\\/autoinstalator\\\/wordpressplus1\\\/wp-content\\\/uploads\\\/2025\\\/06\\\/coroflex-65-scaled.jpg&quot;}],&quot;background_slideshow_loop&quot;:&quot;yes&quot;,&quot;background_slideshow_slide_duration&quot;:5000,&quot;background_slideshow_slide_transition&quot;:&quot;fade&quot;,&quot;background_slideshow_transition_duration&quot;:500}\">\n\t\t\t\t\t<div class=\"e-con-inner\">\n\t\t\t\t\t<\/div>\n\t\t\t\t<\/div>\n\t\t<div class=\"elementor-element elementor-element-e9dd38b e-flex e-con-boxed e-con e-parent\" data-id=\"e9dd38b\" data-element_type=\"container\">\n\t\t\t\t\t<div class=\"e-con-inner\">\n\t\t\t\t<div class=\"elementor-element elementor-element-ce1e190 elementor-widget elementor-widget-heading\" data-id=\"ce1e190\" data-element_type=\"widget\" data-widget_type=\"heading.default\">\n\t\t\t\t<div class=\"elementor-widget-container\">\n\t\t\t\t\t<h2 class=\"elementor-heading-title elementor-size-default\"><span class=\"s3\" style=\"color: rgb(255, 96, 0); font-size: 2rem; text-align: right;\">Animacje i imprezy okoliczno\u015bciowe<\/span><span style=\"color: rgb(255, 96, 0); font-size: 2rem; text-align: right;\"><\/span><\/h2>\t\t\t\t<\/div>\n\t\t\t\t<\/div>\n\t\t\t\t<div class=\"elementor-element elementor-element-5648e98 elementor-widget elementor-widget-text-editor\" data-id=\"5648e98\" data-element_type=\"widget\" data-widget_type=\"text-editor.default\">\n\t\t\t\t<div class=\"elementor-widget-container\">\n\t\t\t\t\t\t\t\t\t<p class=\"s2\"><span class=\"s3\">Planujesz zorganizowa\u0107 festyn lub inne wydarzenie, gdzie b\u0119dzie du\u017co dzieci? A mo\u017ce potrzebujesz animator\u00f3w na przyj\u0119cie w domu lub w ma\u0142ej sali? <\/span><\/p><p class=\"s2\"><span class=\"s3\">Agencja Artystyczna ArtMatina zapewni dzieciom zabaw\u0119 zar\u00f3wno w plenerze, jak i zamkni\u0119tej sali; dla du\u017cej grupy, jak r\u00f3wnie\u017c dla kilkorga dzieci; dla starszych dzieci, jak r\u00f3wnie\u017c dla maluch\u00f3w. Skontaktuj si\u0119 z nami. Po kr\u00f3tkim wywiadzie, w kt\u00f3rym opowiesz o swoich oczekiwaniach, przedstawimy ofert\u0119, dopasowan\u0105 do Twoich potrzeb.<\/span><\/p><p class=\"s2\"><span class=\"s3\">Atrakcje:<\/span><\/p><ul><li class=\"s6\"><span class=\"s3\">zabawy taneczno-ruchowe,<\/span><\/li><li class=\"s6\"><span class=\"s3\">zabawy sportowe,<\/span><\/li><li class=\"s6\"><span class=\"s3\">zabawy umuzykalniaj\u0105ce,<\/span><\/li><li class=\"s6\"><span class=\"s3\">zabawy z chust\u0105 KLANZY, gum\u0105 sensoryczn\u0105, tunelem animacyjnym<\/span><\/li><li class=\"s6\"><span class=\"s3\">zabawy plastyczne<\/span><\/li><li class=\"s6\"><span class=\"s3\">malowanie twarzy<\/span><\/li><li class=\"s6\"><span class=\"s3\">tatua\u017ce<\/span><\/li><li class=\"s6\"><span class=\"s3\">kolorowe warkoczyki<\/span><\/li><li class=\"s6\"><span class=\"s3\">ba\u0144ki (mo\u017cliwo\u015b\u0107 skorzystania z wytwornicy baniek)<\/span><\/li><\/ul>\t\t\t\t\t\t\t\t<\/div>\n\t\t\t\t<\/div>\n\t\t\t\t\t<\/div>\n\t\t\t\t<\/div>\n\t\t<div class=\"elementor-element elementor-element-51d2677 e-flex e-con-boxed e-con e-parent\" data-id=\"51d2677\" data-element_type=\"container\">\n\t\t\t\t\t<div class=\"e-con-inner\">\n\t\t<div class=\"elementor-element elementor-element-c49b63e e-con-full e-flex e-con e-child\" data-id=\"c49b63e\" data-element_type=\"container\">\n\t\t\t\t<div class=\"elementor-element elementor-element-3ff2606 elementor-widget elementor-widget-heading\" data-id=\"3ff2606\" data-element_type=\"widget\" data-widget_type=\"heading.default\">\n\t\t\t\t<div class=\"elementor-widget-container\">\n\t\t\t\t\t<h2 class=\"elementor-heading-title elementor-size-default\"><span class=\"s3\">Bale i dyskoteki<\/span><\/h2>\t\t\t\t<\/div>\n\t\t\t\t<\/div>\n\t\t\t\t<div class=\"elementor-element elementor-element-f847a4c elementor-widget elementor-widget-text-editor\" data-id=\"f847a4c\" data-element_type=\"widget\" data-widget_type=\"text-editor.default\">\n\t\t\t\t<div class=\"elementor-widget-container\">\n\t\t\t\t\t\t\t\t\t<p class=\"s2\"><span class=\"s3\">Chcia\u0142by\u015b zorganizowa\u0107 zabaw\u0119 taneczn\u0105 dla dzieci w szkole, przedszkolu lub w innym dogodnym miejscu? <\/span><\/p><p class=\"s2\"><span class=\"s3\">Zapewniamy prowadzenie zabawy przez osoby dzia\u0142aj\u0105ce w bran\u017cy artystycznej i animacyjnej; profesjonalny sprz\u0119t nag\u0142o\u015bnieniowy i o\u015bwietleniowy; atrakcje dodatkowe, takie jak: wytwornica baniek, wytwornica dymu lekkiego i wytwornica dymu ci\u0119\u017ckiego. Organizujemy r\u00f3wnie\u017c zabawy tematyczne. Atrakcje i zabawy dopasowujemy do ilo\u015bci uczestnik\u00f3w oraz grupy wiekowej.<\/span><\/p>\t\t\t\t\t\t\t\t<\/div>\n\t\t\t\t<\/div>\n\t\t\t\t<\/div>\n\t\t<div class=\"elementor-element elementor-element-43768da e-con-full e-flex e-con e-child\" data-id=\"43768da\" data-element_type=\"container\">\n\t\t<div class=\"elementor-element elementor-element-a2ec62b e-con-full e-flex e-con e-child\" data-id=\"a2ec62b\" data-element_type=\"container\">\n\t\t\t\t<div class=\"elementor-element elementor-element-d51c06b elementor-widget elementor-widget-image\" data-id=\"d51c06b\" data-element_type=\"widget\" data-widget_type=\"image.default\">\n\t\t\t\t<div class=\"elementor-widget-container\">\n\t\t\t\t\t\t\t\t\t\t\t\t\t\t\t<img fetchpriority=\"high\" decoding=\"async\" width=\"800\" height=\"534\" src=\"https:\/\/www.artmatina.pl\/autoinstalator\/wordpressplus1\/wp-content\/uploads\/2025\/06\/bare-kind-6n4_BcT7o_4-unsplash-1024x684.jpg\" class=\"attachment-large size-large wp-image-136\" alt=\"\" srcset=\"https:\/\/www.artmatina.pl\/autoinstalator\/wordpressplus1\/wp-content\/uploads\/2025\/06\/bare-kind-6n4_BcT7o_4-unsplash-1024x684.jpg 1024w, https:\/\/www.artmatina.pl\/autoinstalator\/wordpressplus1\/wp-content\/uploads\/2025\/06\/bare-kind-6n4_BcT7o_4-unsplash-300x200.jpg 300w, https:\/\/www.artmatina.pl\/autoinstalator\/wordpressplus1\/wp-content\/uploads\/2025\/06\/bare-kind-6n4_BcT7o_4-unsplash-768x513.jpg 768w, https:\/\/www.artmatina.pl\/autoinstalator\/wordpressplus1\/wp-content\/uploads\/2025\/06\/bare-kind-6n4_BcT7o_4-unsplash-1536x1026.jpg 1536w, https:\/\/www.artmatina.pl\/autoinstalator\/wordpressplus1\/wp-content\/uploads\/2025\/06\/bare-kind-6n4_BcT7o_4-unsplash-2048x1368.jpg 2048w\" sizes=\"(max-width: 800px) 100vw, 800px\" \/>\t\t\t\t\t\t\t\t\t\t\t\t\t\t\t<\/div>\n\t\t\t\t<\/div>\n\t\t\t\t<\/div>\n\t\t\t\t<\/div>\n\t\t\t\t\t<\/div>\n\t\t\t\t<\/div>\n\t\t<div class=\"elementor-element elementor-element-d38ab3a e-flex e-con-boxed e-con e-parent\" data-id=\"d38ab3a\" data-element_type=\"container\">\n\t\t\t\t\t<div class=\"e-con-inner\">\n\t\t<div class=\"elementor-element elementor-element-72625f0 e-con-full e-flex e-con e-child\" data-id=\"72625f0\" data-element_type=\"container\">\n\t\t\t\t<div class=\"elementor-element elementor-element-6ad044b elementor-hidden-mobile elementor-widget elementor-widget-image\" data-id=\"6ad044b\" data-element_type=\"widget\" data-widget_type=\"image.default\">\n\t\t\t\t<div class=\"elementor-widget-container\">\n\t\t\t\t\t\t\t\t\t\t\t\t\t\t\t<img decoding=\"async\" width=\"800\" height=\"534\" src=\"https:\/\/www.artmatina.pl\/autoinstalator\/wordpressplus1\/wp-content\/uploads\/2025\/06\/matthias-wagner-QrqeusbpFMM-unsplash-1024x683.jpg\" class=\"attachment-large size-large wp-image-131\" alt=\"\" srcset=\"https:\/\/www.artmatina.pl\/autoinstalator\/wordpressplus1\/wp-content\/uploads\/2025\/06\/matthias-wagner-QrqeusbpFMM-unsplash-1024x683.jpg 1024w, https:\/\/www.artmatina.pl\/autoinstalator\/wordpressplus1\/wp-content\/uploads\/2025\/06\/matthias-wagner-QrqeusbpFMM-unsplash-300x200.jpg 300w, https:\/\/www.artmatina.pl\/autoinstalator\/wordpressplus1\/wp-content\/uploads\/2025\/06\/matthias-wagner-QrqeusbpFMM-unsplash-768x512.jpg 768w, https:\/\/www.artmatina.pl\/autoinstalator\/wordpressplus1\/wp-content\/uploads\/2025\/06\/matthias-wagner-QrqeusbpFMM-unsplash-1536x1024.jpg 1536w, https:\/\/www.artmatina.pl\/autoinstalator\/wordpressplus1\/wp-content\/uploads\/2025\/06\/matthias-wagner-QrqeusbpFMM-unsplash-2048x1365.jpg 2048w\" sizes=\"(max-width: 800px) 100vw, 800px\" \/>\t\t\t\t\t\t\t\t\t\t\t\t\t\t\t<\/div>\n\t\t\t\t<\/div>\n\t\t\t\t<\/div>\n\t\t<div class=\"elementor-element elementor-element-6b773d9 e-con-full e-flex e-con e-child\" data-id=\"6b773d9\" data-element_type=\"container\">\n\t\t\t\t<div class=\"elementor-element elementor-element-98164fb elementor-widget elementor-widget-heading\" data-id=\"98164fb\" data-element_type=\"widget\" data-widget_type=\"heading.default\">\n\t\t\t\t<div class=\"elementor-widget-container\">\n\t\t\t\t\t<h2 class=\"elementor-heading-title elementor-size-default\"><h2 data-elementor-setting-key=\"title\" data-pen-placeholder=\"Pisz tutaj...\" style=\"text-align: center; font-family: Roboto, sans-serif; font-weight: 600;\"><span style=\"font-size: 2rem; text-align: start;\"><font color=\"#ff6000\">Us\u0142ugi konferansjerskie<\/font><\/span><span style=\"color: rgb(255, 211, 85); font-size: 2rem; text-align: start;\"><\/span><\/h2><\/h2>\t\t\t\t<\/div>\n\t\t\t\t<\/div>\n\t\t\t\t<div class=\"elementor-element elementor-element-95151f4 elementor-widget elementor-widget-text-editor\" data-id=\"95151f4\" data-element_type=\"widget\" data-widget_type=\"text-editor.default\">\n\t\t\t\t<div class=\"elementor-widget-container\">\n\t\t\t\t\t\t\t\t\t<p>Potrzebujesz konferansjera na wydarzenie, kt\u00f3re organizujesz?<\/p><p>Agencja Artystyczna ArtMatina wsp\u00f3\u0142pracuje z zawodowymi aktorami, posiadaj\u0105cymi do\u015bwiadczenie w prowadzeniu koncert\u00f3w, gali i innych wydarze\u0144 kulturalnych. S\u0105 to arty\u015bci z wieloletnim do\u015bwiadczeniem scenicznym, kt\u00f3rzy w profesjonalny spos\u00f3b poprowadz\u0105 wydarzenie dla ka\u017cdej publiczno\u015bci.<\/p>\t\t\t\t\t\t\t\t<\/div>\n\t\t\t\t<\/div>\n\t\t\t\t<\/div>\n\t\t\t\t\t<\/div>\n\t\t\t\t<\/div>\n\t\t<div class=\"elementor-element elementor-element-da0bc49 e-flex e-con-boxed e-con e-parent\" data-id=\"da0bc49\" data-element_type=\"container\">\n\t\t\t\t\t<div class=\"e-con-inner\">\n\t\t<div class=\"elementor-element elementor-element-8d53c52 e-con-full e-flex e-con e-child\" data-id=\"8d53c52\" data-element_type=\"container\">\n\t\t\t\t<div class=\"elementor-element elementor-element-c672c6a elementor-view-default elementor-widget elementor-widget-icon\" data-id=\"c672c6a\" data-element_type=\"widget\" data-widget_type=\"icon.default\">\n\t\t\t\t<div class=\"elementor-widget-container\">\n\t\t\t\t\t\t\t<div class=\"elementor-icon-wrapper\">\n\t\t\t<a class=\"elementor-icon\" href=\"https:\/\/www.facebook.com\/profile.php?id=61575994934686\">\n\t\t\t<svg aria-hidden=\"true\" class=\"e-font-icon-svg e-fab-facebook-f\" viewBox=\"0 0 320 512\" xmlns=\"http:\/\/www.w3.org\/2000\/svg\"><path d=\"M279.14 288l14.22-92.66h-88.91v-60.13c0-25.35 12.42-50.06 52.24-50.06h40.42V6.26S260.43 0 225.36 0c-73.22 0-121.08 44.38-121.08 124.72v70.62H22.89V288h81.39v224h100.17V288z\"><\/path><\/svg>\t\t\t<\/a>\n\t\t<\/div>\n\t\t\t\t\t\t<\/div>\n\t\t\t\t<\/div>\n\t\t\t\t<\/div>\n\t\t<div class=\"elementor-element elementor-element-a165bfe e-con-full e-flex e-con e-child\" data-id=\"a165bfe\" data-element_type=\"container\">\n\t\t\t\t<div class=\"elementor-element elementor-element-f4a933a elementor-view-default elementor-widget elementor-widget-icon\" data-id=\"f4a933a\" data-element_type=\"widget\" data-widget_type=\"icon.default\">\n\t\t\t\t<div class=\"elementor-widget-container\">\n\t\t\t\t\t\t\t<div class=\"elementor-icon-wrapper\">\n\t\t\t<a class=\"elementor-icon\" href=\"https:\/\/www.linkedin.com\/in\/martyna-%C5%82aszczok-a2298336b\/\">\n\t\t\t<svg aria-hidden=\"true\" class=\"e-font-icon-svg e-fab-linkedin-in\" viewBox=\"0 0 448 512\" xmlns=\"http:\/\/www.w3.org\/2000\/svg\"><path d=\"M100.28 448H7.4V148.9h92.88zM53.79 108.1C24.09 108.1 0 83.5 0 53.8a53.79 53.79 0 0 1 107.58 0c0 29.7-24.1 54.3-53.79 54.3zM447.9 448h-92.68V302.4c0-34.7-.7-79.2-48.29-79.2-48.29 0-55.69 37.7-55.69 76.7V448h-92.78V148.9h89.08v40.8h1.3c12.4-23.5 42.69-48.3 87.88-48.3 94 0 111.28 61.9 111.28 142.3V448z\"><\/path><\/svg>\t\t\t<\/a>\n\t\t<\/div>\n\t\t\t\t\t\t<\/div>\n\t\t\t\t<\/div>\n\t\t\t\t<\/div>\n\t\t<div class=\"elementor-element elementor-element-3f36fc2 e-con-full e-flex e-con e-child\" data-id=\"3f36fc2\" data-element_type=\"container\">\n\t\t\t\t<div class=\"elementor-element elementor-element-3cb6b67 elementor-view-default elementor-widget elementor-widget-icon\" data-id=\"3cb6b67\" data-element_type=\"widget\" data-widget_type=\"icon.default\">\n\t\t\t\t<div class=\"elementor-widget-container\">\n\t\t\t\t\t\t\t<div class=\"elementor-icon-wrapper\">\n\t\t\t<a class=\"elementor-icon\" href=\"https:\/\/www.instagram.com\/agencja_artystyczna_artmatina?fbclid=IwY2xjawLKMRxleHRuA2FlbQIxMAABHnX5ozMdPlbwZfgptawbVdlwP0AAaRlFLWGMlV3bskJ14yQpayNZaRLf6M1k_aem_8ojFr03SPWvoVaQCz2grxQ\">\n\t\t\t<svg aria-hidden=\"true\" class=\"e-font-icon-svg e-fab-instagram\" viewBox=\"0 0 448 512\" xmlns=\"http:\/\/www.w3.org\/2000\/svg\"><path d=\"M224.1 141c-63.6 0-114.9 51.3-114.9 114.9s51.3 114.9 114.9 114.9S339 319.5 339 255.9 287.7 141 224.1 141zm0 189.6c-41.1 0-74.7-33.5-74.7-74.7s33.5-74.7 74.7-74.7 74.7 33.5 74.7 74.7-33.6 74.7-74.7 74.7zm146.4-194.3c0 14.9-12 26.8-26.8 26.8-14.9 0-26.8-12-26.8-26.8s12-26.8 26.8-26.8 26.8 12 26.8 26.8zm76.1 27.2c-1.7-35.9-9.9-67.7-36.2-93.9-26.2-26.2-58-34.4-93.9-36.2-37-2.1-147.9-2.1-184.9 0-35.8 1.7-67.6 9.9-93.9 36.1s-34.4 58-36.2 93.9c-2.1 37-2.1 147.9 0 184.9 1.7 35.9 9.9 67.7 36.2 93.9s58 34.4 93.9 36.2c37 2.1 147.9 2.1 184.9 0 35.9-1.7 67.7-9.9 93.9-36.2 26.2-26.2 34.4-58 36.2-93.9 2.1-37 2.1-147.8 0-184.8zM398.8 388c-7.8 19.6-22.9 34.7-42.6 42.6-29.5 11.7-99.5 9-132.1 9s-102.7 2.6-132.1-9c-19.6-7.8-34.7-22.9-42.6-42.6-11.7-29.5-9-99.5-9-132.1s-2.6-102.7 9-132.1c7.8-19.6 22.9-34.7 42.6-42.6 29.5-11.7 99.5-9 132.1-9s102.7-2.6 132.1 9c19.6 7.8 34.7 22.9 42.6 42.6 11.7 29.5 9 99.5 9 132.1s2.7 102.7-9 132.1z\"><\/path><\/svg>\t\t\t<\/a>\n\t\t<\/div>\n\t\t\t\t\t\t<\/div>\n\t\t\t\t<\/div>\n\t\t\t\t<\/div>\n\t\t<div class=\"elementor-element elementor-element-28fded6 e-con-full e-flex e-con e-child\" data-id=\"28fded6\" data-element_type=\"container\">\n\t\t\t\t<\/div>\n\t\t\t\t\t<\/div>\n\t\t\t\t<\/div>\n\t\t\t\t<\/div>\n\t\t","protected":false},"excerpt":{"rendered":"<p>Oferta Ka\u017cda pozycja w naszej ofercie to nie tylko wspania\u0142a rozrywka dla dzieci, ale przede wszystkim \u00a0rozw\u00f3j spo\u0142eczny, intelektualny, artystyczny i kulturowy. Ponadto jeste\u015bmy elastyczni i dopasowujemy si\u0119 do potrzeb klienta. Zapewniamy fantastyczn\u0105 zabaw\u0119 zar\u00f3wno w warunkach domowych, jak r\u00f3wnie\u017c w plac\u00f3wkach o\u015bwiatowych i du\u017cych salach. Potrzebujemy jedynie grupy wspania\u0142ych dzieci, dla kt\u00f3rych zorganizujemy czas. [&hellip;]<\/p>\n","protected":false},"author":1,"featured_media":0,"parent":0,"menu_order":0,"comment_status":"closed","ping_status":"closed","template":"","meta":{"footnotes":""},"class_list":["post-78","page","type-page","status-publish","hentry"],"_links":{"self":[{"href":"https:\/\/www.artmatina.pl\/index.php\/wp-json\/wp\/v2\/pages\/78","targetHints":{"allow":["GET"]}}],"collection":[{"href":"https:\/\/www.artmatina.pl\/index.php\/wp-json\/wp\/v2\/pages"}],"about":[{"href":"https:\/\/www.artmatina.pl\/index.php\/wp-json\/wp\/v2\/types\/page"}],"author":[{"embeddable":true,"href":"https:\/\/www.artmatina.pl\/index.php\/wp-json\/wp\/v2\/users\/1"}],"replies":[{"embeddable":true,"href":"https:\/\/www.artmatina.pl\/index.php\/wp-json\/wp\/v2\/comments?post=78"}],"version-history":[{"count":43,"href":"https:\/\/www.artmatina.pl\/index.php\/wp-json\/wp\/v2\/pages\/78\/revisions"}],"predecessor-version":[{"id":362,"href":"https:\/\/www.artmatina.pl\/index.php\/wp-json\/wp\/v2\/pages\/78\/revisions\/362"}],"wp:attachment":[{"href":"https:\/\/www.artmatina.pl\/index.php\/wp-json\/wp\/v2\/media?parent=78"}],"curies":[{"name":"wp","href":"https:\/\/api.w.org\/{rel}","templated":true}]}}