{"id":194,"date":"2025-06-20T15:28:54","date_gmt":"2025-06-20T13:28:54","guid":{"rendered":"https:\/\/www.artmatina.pl\/?page_id=194"},"modified":"2026-02-25T23:43:20","modified_gmt":"2026-02-25T22:43:20","slug":"teatr-w-przedszkolu","status":"publish","type":"page","link":"https:\/\/www.artmatina.pl\/index.php\/teatr-w-przedszkolu\/","title":{"rendered":""},"content":{"rendered":"\t\t<div data-elementor-type=\"wp-page\" data-elementor-id=\"194\" class=\"elementor elementor-194\">\n\t\t\t\t<div class=\"elementor-element elementor-element-a348fc0 e-flex e-con-boxed e-con e-parent\" data-id=\"a348fc0\" data-element_type=\"container\" data-settings=\"{&quot;background_background&quot;:&quot;slideshow&quot;,&quot;background_slideshow_gallery&quot;:[{&quot;id&quot;:196,&quot;url&quot;:&quot;http:\\\/\\\/www.artmatina.pl\\\/autoinstalator\\\/wordpressplus1\\\/wp-content\\\/uploads\\\/2025\\\/06\\\/chelsey-marques-T5Tapc2Bevg-unsplash-scaled.jpg&quot;}],&quot;background_slideshow_loop&quot;:&quot;yes&quot;,&quot;background_slideshow_slide_duration&quot;:5000,&quot;background_slideshow_slide_transition&quot;:&quot;fade&quot;,&quot;background_slideshow_transition_duration&quot;:500}\">\n\t\t\t\t\t<div class=\"e-con-inner\">\n\t\t\t\t<div class=\"elementor-element elementor-element-f45e48b elementor-widget elementor-widget-heading\" data-id=\"f45e48b\" data-element_type=\"widget\" data-widget_type=\"heading.default\">\n\t\t\t\t<div class=\"elementor-widget-container\">\n\t\t\t\t\t<h2 class=\"elementor-heading-title elementor-size-default\">Opowie\u015b\u0107 o Czerwonym Kapturku<\/h2>\t\t\t\t<\/div>\n\t\t\t\t<\/div>\n\t\t\t\t\t<\/div>\n\t\t\t\t<\/div>\n\t\t<div class=\"elementor-element elementor-element-2a94b87 e-flex e-con-boxed e-con e-parent\" data-id=\"2a94b87\" data-element_type=\"container\">\n\t\t\t\t\t<div class=\"e-con-inner\">\n\t\t<div class=\"elementor-element elementor-element-f5c5c60 e-con-full e-flex e-con e-child\" data-id=\"f5c5c60\" data-element_type=\"container\">\n\t\t\t\t<div class=\"elementor-element elementor-element-c3de243 elementor-widget elementor-widget-heading\" data-id=\"c3de243\" data-element_type=\"widget\" data-widget_type=\"heading.default\">\n\t\t\t\t<div class=\"elementor-widget-container\">\n\t\t\t\t\t<h2 class=\"elementor-heading-title elementor-size-default\"><span class=\"s3\">Teatr mobilny -\nspektakle realizowane m.in. w szkole i przedszkolu<\/span><\/h2>\t\t\t\t<\/div>\n\t\t\t\t<\/div>\n\t\t\t\t<div class=\"elementor-element elementor-element-fb74779 elementor-widget elementor-widget-text-editor\" data-id=\"fb74779\" data-element_type=\"widget\" data-widget_type=\"text-editor.default\">\n\t\t\t\t<div class=\"elementor-widget-container\">\n\t\t\t\t\t\t\t\t\t<p class=\"s2\">W repertuarze Agencji Artystycznej ArtMatina znajduj\u0105 si\u0119 niesamowite historie, kt\u00f3re maj\u0105 na celu wspieranie harmonijnego rozwoju dziecka. Spektakle dostosowane s\u0105 do warunk\u00f3w szkolnych i przedszkolnych, przygotowywane przez zawodowych aktor\u00f3w z wieloletnim do\u015bwiadczeniem scenicznym i pedagogicznym, aby poprzez \u015bwietn\u0105 zabaw\u0119 \u2013 uczy\u0142y i wychowywa\u0142y kolejne pokolenie.<\/p><p class=\"s2\">Nie zabraknie tak\u017ce efekt\u00f3w specjalnych, kt\u00f3re cz\u0119sto wykorzystywane s\u0105 na scenach zawodowych teatr\u00f3w, aby przenosi\u0107 dzieci do \u015bwiata ba\u015bni, a tak\u017ce wprowadza\u0107 je w rzeczywisto\u015b\u0107 teatraln\u0105.<\/p>\t\t\t\t\t\t\t\t<\/div>\n\t\t\t\t<\/div>\n\t\t\t\t<\/div>\n\t\t<div class=\"elementor-element elementor-element-0172087 e-con-full e-flex e-con e-child\" data-id=\"0172087\" data-element_type=\"container\">\n\t\t<div class=\"elementor-element elementor-element-df6fb04 e-con-full e-flex e-con e-child\" data-id=\"df6fb04\" data-element_type=\"container\">\n\t\t\t\t<div class=\"elementor-element elementor-element-dd5cd40 elementor-widget elementor-widget-image\" data-id=\"dd5cd40\" data-element_type=\"widget\" data-widget_type=\"image.default\">\n\t\t\t\t<div class=\"elementor-widget-container\">\n\t\t\t\t\t\t\t\t\t\t\t\t\t\t\t<img fetchpriority=\"high\" decoding=\"async\" width=\"800\" height=\"451\" src=\"https:\/\/www.artmatina.pl\/autoinstalator\/wordpressplus1\/wp-content\/uploads\/2025\/06\/image3297.jpg\" class=\"attachment-large size-large wp-image-120\" alt=\"\" srcset=\"https:\/\/www.artmatina.pl\/autoinstalator\/wordpressplus1\/wp-content\/uploads\/2025\/06\/image3297.jpg 960w, https:\/\/www.artmatina.pl\/autoinstalator\/wordpressplus1\/wp-content\/uploads\/2025\/06\/image3297-300x169.jpg 300w, https:\/\/www.artmatina.pl\/autoinstalator\/wordpressplus1\/wp-content\/uploads\/2025\/06\/image3297-768x433.jpg 768w\" sizes=\"(max-width: 800px) 100vw, 800px\" \/>\t\t\t\t\t\t\t\t\t\t\t\t\t\t\t<\/div>\n\t\t\t\t<\/div>\n\t\t\t\t<\/div>\n\t\t<div class=\"elementor-element elementor-element-768596e e-con-full e-flex e-con e-child\" data-id=\"768596e\" data-element_type=\"container\">\n\t\t\t\t<div class=\"elementor-element elementor-element-d40852f elementor-hidden-mobile elementor-widget elementor-widget-image\" data-id=\"d40852f\" data-element_type=\"widget\" data-widget_type=\"image.default\">\n\t\t\t\t<div class=\"elementor-widget-container\">\n\t\t\t\t\t\t\t\t\t\t\t\t\t\t\t<img decoding=\"async\" width=\"800\" height=\"451\" src=\"https:\/\/www.artmatina.pl\/autoinstalator\/wordpressplus1\/wp-content\/uploads\/2025\/06\/image3291.jpg\" class=\"attachment-large size-large wp-image-119\" alt=\"\" srcset=\"https:\/\/www.artmatina.pl\/autoinstalator\/wordpressplus1\/wp-content\/uploads\/2025\/06\/image3291.jpg 960w, https:\/\/www.artmatina.pl\/autoinstalator\/wordpressplus1\/wp-content\/uploads\/2025\/06\/image3291-300x169.jpg 300w, https:\/\/www.artmatina.pl\/autoinstalator\/wordpressplus1\/wp-content\/uploads\/2025\/06\/image3291-768x433.jpg 768w\" sizes=\"(max-width: 800px) 100vw, 800px\" \/>\t\t\t\t\t\t\t\t\t\t\t\t\t\t\t<\/div>\n\t\t\t\t<\/div>\n\t\t\t\t<\/div>\n\t\t\t\t<\/div>\n\t\t\t\t\t<\/div>\n\t\t\t\t<\/div>\n\t\t<div class=\"elementor-element elementor-element-411efbb e-flex e-con-boxed e-con e-parent\" data-id=\"411efbb\" data-element_type=\"container\">\n\t\t\t\t\t<div class=\"e-con-inner\">\n\t\t<div class=\"elementor-element elementor-element-d2e1593 e-con-full e-flex e-con e-child\" data-id=\"d2e1593\" data-element_type=\"container\">\n\t\t\t\t<div class=\"elementor-element elementor-element-a6e384c elementor-widget elementor-widget-heading\" data-id=\"a6e384c\" data-element_type=\"widget\" data-widget_type=\"heading.default\">\n\t\t\t\t<div class=\"elementor-widget-container\">\n\t\t\t\t\t<h2 class=\"elementor-heading-title elementor-size-default\">Dwie Dorotki<\/h2>\t\t\t\t<\/div>\n\t\t\t\t<\/div>\n\t\t\t\t<div class=\"elementor-element elementor-element-65cdd91 elementor-widget elementor-widget-text-editor\" data-id=\"65cdd91\" data-element_type=\"widget\" data-widget_type=\"text-editor.default\">\n\t\t\t\t<div class=\"elementor-widget-container\">\n\t\t\t\t\t\t\t\t\t<p><span style=\"font-weight: 400;\">Ciep\u0142a, pe\u0142na humoru opowie\u015b\u0107 o tym, \u017ce prawdziwa si\u0142a p\u0142ynie z serca! \u201eDwie Dorotki i tajemnice serca\u201d to bajkowa przygoda, w kt\u00f3rej spotykaj\u0105 si\u0119 dwie dziewczynki o tym samym imieniu, lecz zupe\u0142nie innym spojrzeniu na \u015bwiat.<\/span><\/p><p><span style=\"font-weight: 400;\">Jedna Dorotka z zaanga\u017cowaniem pomaga wszystkim wok\u00f3\u0142, wierz\u0105c, \u017ce ka\u017cdy dobry gest ma znaczenie. Druga \u2013 przekonana, \u017ce \u015bwiat kr\u0119ci si\u0119 wok\u00f3\u0142 niej \u2013 woli marzy\u0107 o \u0142atwym \u017cyciu ni\u017c podj\u0105\u0107 wysi\u0142ek czy okaza\u0107 serce. Ich losy splataj\u0105 si\u0119, gdy do drzwi wioski puka magia, a niezwyk\u0142e spotkania i nieoczekiwane zadania wystawiaj\u0105 na pr\u00f3b\u0119 ich odwag\u0119, uczciwo\u015b\u0107 i empati\u0119.<\/span><\/p><p><span style=\"font-weight: 400;\">Spektakl zachwyca barwn\u0105 scenografi\u0105, muzyk\u0105, kt\u00f3ra porywa do ta\u0144ca, i pe\u0142nymi humoru scenami, kt\u00f3re bawi\u0105 m\u0142odszych i starszych widz\u00f3w. Dzieci odkrywaj\u0105, \u017ce dobro potrafi wr\u00f3ci\u0107 w najmniej oczekiwany spos\u00f3b, a nawet ma\u0142y czyn mo\u017ce zmieni\u0107 \u015bwiat na lepsze.<\/span><\/p><p><span style=\"font-weight: 400;\">\u201eDwie Dorotki i tajemnice serca\u201d to pe\u0142na uroku opowie\u015b\u0107 o sile marze\u0144, \u017cyczliwo\u015bci i odwadze bycia sob\u0105 \u2014 spektakl, kt\u00f3ry pozostawia serca widz\u00f3w rozgrzane i pe\u0142ne wiary w dobro.<\/span><\/p>\t\t\t\t\t\t\t\t<\/div>\n\t\t\t\t<\/div>\n\t\t\t\t<\/div>\n\t\t<div class=\"elementor-element elementor-element-e7f88b4 e-con-full e-flex e-con e-child\" data-id=\"e7f88b4\" data-element_type=\"container\">\n\t\t<div class=\"elementor-element elementor-element-8638e41 e-con-full e-flex e-con e-child\" data-id=\"8638e41\" data-element_type=\"container\">\n\t\t\t\t<div class=\"elementor-element elementor-element-84e18e5 elementor-widget elementor-widget-image\" data-id=\"84e18e5\" data-element_type=\"widget\" data-widget_type=\"image.default\">\n\t\t\t\t<div class=\"elementor-widget-container\">\n\t\t\t\t\t\t\t\t\t\t\t\t\t\t\t<img decoding=\"async\" width=\"800\" height=\"533\" src=\"https:\/\/www.artmatina.pl\/autoinstalator\/wordpressplus1\/wp-content\/uploads\/2026\/02\/DSC05150-Duzy-1024x682.jpeg\" class=\"attachment-large size-large wp-image-366\" alt=\"\" srcset=\"https:\/\/www.artmatina.pl\/autoinstalator\/wordpressplus1\/wp-content\/uploads\/2026\/02\/DSC05150-Duzy-1024x682.jpeg 1024w, https:\/\/www.artmatina.pl\/autoinstalator\/wordpressplus1\/wp-content\/uploads\/2026\/02\/DSC05150-Duzy-300x200.jpeg 300w, https:\/\/www.artmatina.pl\/autoinstalator\/wordpressplus1\/wp-content\/uploads\/2026\/02\/DSC05150-Duzy-768x512.jpeg 768w, https:\/\/www.artmatina.pl\/autoinstalator\/wordpressplus1\/wp-content\/uploads\/2026\/02\/DSC05150-Duzy.jpeg 1280w\" sizes=\"(max-width: 800px) 100vw, 800px\" \/>\t\t\t\t\t\t\t\t\t\t\t\t\t\t\t<\/div>\n\t\t\t\t<\/div>\n\t\t\t\t<\/div>\n\t\t<div class=\"elementor-element elementor-element-d4a7c82 e-con-full e-flex e-con e-child\" data-id=\"d4a7c82\" data-element_type=\"container\">\n\t\t\t\t<div class=\"elementor-element elementor-element-0048192 elementor-hidden-mobile elementor-widget elementor-widget-image\" data-id=\"0048192\" data-element_type=\"widget\" data-widget_type=\"image.default\">\n\t\t\t\t<div class=\"elementor-widget-container\">\n\t\t\t\t\t\t\t\t\t\t\t\t\t\t\t<img loading=\"lazy\" decoding=\"async\" width=\"800\" height=\"533\" src=\"https:\/\/www.artmatina.pl\/autoinstalator\/wordpressplus1\/wp-content\/uploads\/2026\/02\/DSC04735-Duzy-1024x682.jpeg\" class=\"attachment-large size-large wp-image-364\" alt=\"\" srcset=\"https:\/\/www.artmatina.pl\/autoinstalator\/wordpressplus1\/wp-content\/uploads\/2026\/02\/DSC04735-Duzy-1024x682.jpeg 1024w, https:\/\/www.artmatina.pl\/autoinstalator\/wordpressplus1\/wp-content\/uploads\/2026\/02\/DSC04735-Duzy-300x200.jpeg 300w, https:\/\/www.artmatina.pl\/autoinstalator\/wordpressplus1\/wp-content\/uploads\/2026\/02\/DSC04735-Duzy-768x512.jpeg 768w, https:\/\/www.artmatina.pl\/autoinstalator\/wordpressplus1\/wp-content\/uploads\/2026\/02\/DSC04735-Duzy.jpeg 1280w\" sizes=\"(max-width: 800px) 100vw, 800px\" \/>\t\t\t\t\t\t\t\t\t\t\t\t\t\t\t<\/div>\n\t\t\t\t<\/div>\n\t\t\t\t<\/div>\n\t\t\t\t<\/div>\n\t\t\t\t\t<\/div>\n\t\t\t\t<\/div>\n\t\t<div class=\"elementor-element elementor-element-b58474d e-flex e-con-boxed e-con e-parent\" data-id=\"b58474d\" data-element_type=\"container\">\n\t\t\t\t\t<div class=\"e-con-inner\">\n\t\t<div class=\"elementor-element elementor-element-c374c7e e-con-full e-flex e-con e-child\" data-id=\"c374c7e\" data-element_type=\"container\">\n\t\t<div class=\"elementor-element elementor-element-8361800 e-con-full e-flex e-con e-child\" data-id=\"8361800\" data-element_type=\"container\">\n\t\t<div class=\"elementor-element elementor-element-66b1064 e-con-full e-flex e-con e-child\" data-id=\"66b1064\" data-element_type=\"container\">\n\t\t\t\t<div class=\"elementor-element elementor-element-efbc781 elementor-hidden-mobile elementor-widget elementor-widget-image\" data-id=\"efbc781\" data-element_type=\"widget\" data-widget_type=\"image.default\">\n\t\t\t\t<div class=\"elementor-widget-container\">\n\t\t\t\t\t\t\t\t\t\t\t\t\t\t\t<img loading=\"lazy\" decoding=\"async\" width=\"683\" height=\"1024\" src=\"https:\/\/www.artmatina.pl\/autoinstalator\/wordpressplus1\/wp-content\/uploads\/2025\/06\/DSC0085-683x1024.jpg\" class=\"attachment-large size-large wp-image-129\" alt=\"\" srcset=\"https:\/\/www.artmatina.pl\/autoinstalator\/wordpressplus1\/wp-content\/uploads\/2025\/06\/DSC0085-683x1024.jpg 683w, https:\/\/www.artmatina.pl\/autoinstalator\/wordpressplus1\/wp-content\/uploads\/2025\/06\/DSC0085-200x300.jpg 200w, https:\/\/www.artmatina.pl\/autoinstalator\/wordpressplus1\/wp-content\/uploads\/2025\/06\/DSC0085-768x1152.jpg 768w, https:\/\/www.artmatina.pl\/autoinstalator\/wordpressplus1\/wp-content\/uploads\/2025\/06\/DSC0085-1024x1536.jpg 1024w, https:\/\/www.artmatina.pl\/autoinstalator\/wordpressplus1\/wp-content\/uploads\/2025\/06\/DSC0085.jpg 1062w\" sizes=\"(max-width: 683px) 100vw, 683px\" \/>\t\t\t\t\t\t\t\t\t\t\t\t\t\t\t<\/div>\n\t\t\t\t<\/div>\n\t\t\t\t<\/div>\n\t\t\t\t<\/div>\n\t\t<div class=\"elementor-element elementor-element-722c61f e-con-full e-flex e-con e-child\" data-id=\"722c61f\" data-element_type=\"container\">\n\t\t<div class=\"elementor-element elementor-element-045b413 e-con-full e-flex e-con e-child\" data-id=\"045b413\" data-element_type=\"container\">\n\t\t\t\t<div class=\"elementor-element elementor-element-f899011 elementor-widget elementor-widget-image\" data-id=\"f899011\" data-element_type=\"widget\" data-widget_type=\"image.default\">\n\t\t\t\t<div class=\"elementor-widget-container\">\n\t\t\t\t\t\t\t\t\t\t\t\t\t\t\t<img loading=\"lazy\" decoding=\"async\" width=\"683\" height=\"1024\" src=\"https:\/\/www.artmatina.pl\/autoinstalator\/wordpressplus1\/wp-content\/uploads\/2025\/06\/DSC0013-683x1024.jpg\" class=\"attachment-large size-large wp-image-128\" alt=\"\" srcset=\"https:\/\/www.artmatina.pl\/autoinstalator\/wordpressplus1\/wp-content\/uploads\/2025\/06\/DSC0013-683x1024.jpg 683w, https:\/\/www.artmatina.pl\/autoinstalator\/wordpressplus1\/wp-content\/uploads\/2025\/06\/DSC0013-200x300.jpg 200w, https:\/\/www.artmatina.pl\/autoinstalator\/wordpressplus1\/wp-content\/uploads\/2025\/06\/DSC0013-768x1152.jpg 768w, https:\/\/www.artmatina.pl\/autoinstalator\/wordpressplus1\/wp-content\/uploads\/2025\/06\/DSC0013-1024x1536.jpg 1024w, https:\/\/www.artmatina.pl\/autoinstalator\/wordpressplus1\/wp-content\/uploads\/2025\/06\/DSC0013-1365x2048.jpg 1365w, https:\/\/www.artmatina.pl\/autoinstalator\/wordpressplus1\/wp-content\/uploads\/2025\/06\/DSC0013-scaled.jpg 1707w\" sizes=\"(max-width: 683px) 100vw, 683px\" \/>\t\t\t\t\t\t\t\t\t\t\t\t\t\t\t<\/div>\n\t\t\t\t<\/div>\n\t\t\t\t<\/div>\n\t\t\t\t<\/div>\n\t\t<div class=\"elementor-element elementor-element-88550ee e-con-full e-flex e-con e-child\" data-id=\"88550ee\" data-element_type=\"container\">\n\t\t\t\t<div class=\"elementor-element elementor-element-64de102 elementor-widget elementor-widget-heading\" data-id=\"64de102\" data-element_type=\"widget\" data-widget_type=\"heading.default\">\n\t\t\t\t<div class=\"elementor-widget-container\">\n\t\t\t\t\t<h2 class=\"elementor-heading-title elementor-size-default\">Czerwony Kapturek<\/h2>\t\t\t\t<\/div>\n\t\t\t\t<\/div>\n\t\t\t\t<div class=\"elementor-element elementor-element-91b39af elementor-widget elementor-widget-text-editor\" data-id=\"91b39af\" data-element_type=\"widget\" data-widget_type=\"text-editor.default\">\n\t\t\t\t<div class=\"elementor-widget-container\">\n\t\t\t\t\t\t\t\t\t<p class=\"s2\">Historia Czerwonego Kapturka opowiadana jest dzieciom od wiek\u00f3w. A gdyby tak&#8230; opr\u00f3cz klasycznej opowie\u015bci dzieci mog\u0142y w niej wzi\u0105\u0107 czynny udzia\u0142?&#8230; Tak w\u0142a\u015bnie jest podczas spektaklu produkcji Polskiego Teatru Historii. Zabawa z wilkiem i czerwonym kapturkiem wywo\u0142uje mn\u00f3stwo \u015bmiechu i rado\u015bci, a opr\u00f3cz tego dzieci ucz\u0105 si\u0119 o ostro\u017cno\u015bci w kontaktach z nieznajomymi.<\/p><p class=\"s2\">Spektakl bawi, uczy i wychowuje. Dzieci zdobywaj\u0105 wiedz\u0119 o tym jakich informacji nie nale\u017cy ujawnia\u0107 osobom nieznajomym, a tak\u017ce dlaczego nale\u017cy s\u0142ucha\u0107 opiekun\u00f3w i ludzi, kt\u00f3rzy dbaj\u0105 o ich bezpiecze\u0144stwo.<\/p><p class=\"s2\">Scenariusz i muzyka: Jacek Sroka Ritau<br \/>Re\u017cyseria: Sebastian Dylnicki<\/p>\t\t\t\t\t\t\t\t<\/div>\n\t\t\t\t<\/div>\n\t\t\t\t<\/div>\n\t\t\t\t<\/div>\n\t\t\t\t\t<\/div>\n\t\t\t\t<\/div>\n\t\t<div class=\"elementor-element elementor-element-41de08d e-flex e-con-boxed e-con e-parent\" data-id=\"41de08d\" data-element_type=\"container\">\n\t\t\t\t\t<div class=\"e-con-inner\">\n\t\t<div class=\"elementor-element elementor-element-45b8254 e-con-full e-flex e-con e-child\" data-id=\"45b8254\" data-element_type=\"container\">\n\t\t<div class=\"elementor-element elementor-element-43626a4 e-con-full e-flex e-con e-child\" data-id=\"43626a4\" data-element_type=\"container\">\n\t\t\t\t<div class=\"elementor-element elementor-element-be309b7 elementor-view-default elementor-widget elementor-widget-icon\" data-id=\"be309b7\" data-element_type=\"widget\" data-widget_type=\"icon.default\">\n\t\t\t\t<div class=\"elementor-widget-container\">\n\t\t\t\t\t\t\t<div class=\"elementor-icon-wrapper\">\n\t\t\t<a class=\"elementor-icon\" href=\"https:\/\/www.facebook.com\/profile.php?id=61575994934686\">\n\t\t\t<svg aria-hidden=\"true\" class=\"e-font-icon-svg e-fab-facebook-f\" viewBox=\"0 0 320 512\" xmlns=\"http:\/\/www.w3.org\/2000\/svg\"><path d=\"M279.14 288l14.22-92.66h-88.91v-60.13c0-25.35 12.42-50.06 52.24-50.06h40.42V6.26S260.43 0 225.36 0c-73.22 0-121.08 44.38-121.08 124.72v70.62H22.89V288h81.39v224h100.17V288z\"><\/path><\/svg>\t\t\t<\/a>\n\t\t<\/div>\n\t\t\t\t\t\t<\/div>\n\t\t\t\t<\/div>\n\t\t\t\t<\/div>\n\t\t<div class=\"elementor-element elementor-element-39cf278 e-con-full e-flex e-con e-child\" data-id=\"39cf278\" data-element_type=\"container\">\n\t\t\t\t<div class=\"elementor-element elementor-element-cee3a69 elementor-view-default elementor-widget elementor-widget-icon\" data-id=\"cee3a69\" data-element_type=\"widget\" data-widget_type=\"icon.default\">\n\t\t\t\t<div class=\"elementor-widget-container\">\n\t\t\t\t\t\t\t<div class=\"elementor-icon-wrapper\">\n\t\t\t<a class=\"elementor-icon\" href=\"https:\/\/www.linkedin.com\/in\/martyna-%C5%82aszczok-a2298336b\/\">\n\t\t\t<svg aria-hidden=\"true\" class=\"e-font-icon-svg e-fab-linkedin-in\" viewBox=\"0 0 448 512\" xmlns=\"http:\/\/www.w3.org\/2000\/svg\"><path d=\"M100.28 448H7.4V148.9h92.88zM53.79 108.1C24.09 108.1 0 83.5 0 53.8a53.79 53.79 0 0 1 107.58 0c0 29.7-24.1 54.3-53.79 54.3zM447.9 448h-92.68V302.4c0-34.7-.7-79.2-48.29-79.2-48.29 0-55.69 37.7-55.69 76.7V448h-92.78V148.9h89.08v40.8h1.3c12.4-23.5 42.69-48.3 87.88-48.3 94 0 111.28 61.9 111.28 142.3V448z\"><\/path><\/svg>\t\t\t<\/a>\n\t\t<\/div>\n\t\t\t\t\t\t<\/div>\n\t\t\t\t<\/div>\n\t\t\t\t<\/div>\n\t\t<div class=\"elementor-element elementor-element-cf69907 e-con-full e-flex e-con e-child\" data-id=\"cf69907\" data-element_type=\"container\">\n\t\t\t\t<div class=\"elementor-element elementor-element-2851725 elementor-view-default elementor-widget elementor-widget-icon\" data-id=\"2851725\" data-element_type=\"widget\" data-widget_type=\"icon.default\">\n\t\t\t\t<div class=\"elementor-widget-container\">\n\t\t\t\t\t\t\t<div class=\"elementor-icon-wrapper\">\n\t\t\t<a class=\"elementor-icon\" href=\"https:\/\/www.instagram.com\/agencja_artystyczna_artmatina?fbclid=IwY2xjawLKMRxleHRuA2FlbQIxMAABHnX5ozMdPlbwZfgptawbVdlwP0AAaRlFLWGMlV3bskJ14yQpayNZaRLf6M1k_aem_8ojFr03SPWvoVaQCz2grxQ\">\n\t\t\t<svg aria-hidden=\"true\" class=\"e-font-icon-svg e-fab-instagram\" viewBox=\"0 0 448 512\" xmlns=\"http:\/\/www.w3.org\/2000\/svg\"><path d=\"M224.1 141c-63.6 0-114.9 51.3-114.9 114.9s51.3 114.9 114.9 114.9S339 319.5 339 255.9 287.7 141 224.1 141zm0 189.6c-41.1 0-74.7-33.5-74.7-74.7s33.5-74.7 74.7-74.7 74.7 33.5 74.7 74.7-33.6 74.7-74.7 74.7zm146.4-194.3c0 14.9-12 26.8-26.8 26.8-14.9 0-26.8-12-26.8-26.8s12-26.8 26.8-26.8 26.8 12 26.8 26.8zm76.1 27.2c-1.7-35.9-9.9-67.7-36.2-93.9-26.2-26.2-58-34.4-93.9-36.2-37-2.1-147.9-2.1-184.9 0-35.8 1.7-67.6 9.9-93.9 36.1s-34.4 58-36.2 93.9c-2.1 37-2.1 147.9 0 184.9 1.7 35.9 9.9 67.7 36.2 93.9s58 34.4 93.9 36.2c37 2.1 147.9 2.1 184.9 0 35.9-1.7 67.7-9.9 93.9-36.2 26.2-26.2 34.4-58 36.2-93.9 2.1-37 2.1-147.8 0-184.8zM398.8 388c-7.8 19.6-22.9 34.7-42.6 42.6-29.5 11.7-99.5 9-132.1 9s-102.7 2.6-132.1-9c-19.6-7.8-34.7-22.9-42.6-42.6-11.7-29.5-9-99.5-9-132.1s-2.6-102.7 9-132.1c7.8-19.6 22.9-34.7 42.6-42.6 29.5-11.7 99.5-9 132.1-9s102.7-2.6 132.1 9c19.6 7.8 34.7 22.9 42.6 42.6 11.7 29.5 9 99.5 9 132.1s2.7 102.7-9 132.1z\"><\/path><\/svg>\t\t\t<\/a>\n\t\t<\/div>\n\t\t\t\t\t\t<\/div>\n\t\t\t\t<\/div>\n\t\t\t\t<\/div>\n\t\t<div class=\"elementor-element elementor-element-f06c7c2 e-con-full e-flex e-con e-child\" data-id=\"f06c7c2\" data-element_type=\"container\">\n\t\t\t\t<\/div>\n\t\t\t\t<\/div>\n\t\t\t\t\t<\/div>\n\t\t\t\t<\/div>\n\t\t\t\t<\/div>\n\t\t","protected":false},"excerpt":{"rendered":"<p>Opowie\u015b\u0107 o Czerwonym Kapturku Teatr mobilny &#8211; spektakle realizowane m.in. w szkole i przedszkolu W repertuarze Agencji Artystycznej ArtMatina znajduj\u0105 si\u0119 niesamowite historie, kt\u00f3re maj\u0105 na celu wspieranie harmonijnego rozwoju dziecka. Spektakle dostosowane s\u0105 do warunk\u00f3w szkolnych i przedszkolnych, przygotowywane przez zawodowych aktor\u00f3w z wieloletnim do\u015bwiadczeniem scenicznym i pedagogicznym, aby poprzez \u015bwietn\u0105 zabaw\u0119 \u2013 uczy\u0142y [&hellip;]<\/p>\n","protected":false},"author":1,"featured_media":0,"parent":0,"menu_order":0,"comment_status":"closed","ping_status":"closed","template":"","meta":{"footnotes":""},"class_list":["post-194","page","type-page","status-publish","hentry"],"_links":{"self":[{"href":"https:\/\/www.artmatina.pl\/index.php\/wp-json\/wp\/v2\/pages\/194","targetHints":{"allow":["GET"]}}],"collection":[{"href":"https:\/\/www.artmatina.pl\/index.php\/wp-json\/wp\/v2\/pages"}],"about":[{"href":"https:\/\/www.artmatina.pl\/index.php\/wp-json\/wp\/v2\/types\/page"}],"author":[{"embeddable":true,"href":"https:\/\/www.artmatina.pl\/index.php\/wp-json\/wp\/v2\/users\/1"}],"replies":[{"embeddable":true,"href":"https:\/\/www.artmatina.pl\/index.php\/wp-json\/wp\/v2\/comments?post=194"}],"version-history":[{"count":50,"href":"https:\/\/www.artmatina.pl\/index.php\/wp-json\/wp\/v2\/pages\/194\/revisions"}],"predecessor-version":[{"id":375,"href":"https:\/\/www.artmatina.pl\/index.php\/wp-json\/wp\/v2\/pages\/194\/revisions\/375"}],"wp:attachment":[{"href":"https:\/\/www.artmatina.pl\/index.php\/wp-json\/wp\/v2\/media?parent=194"}],"curies":[{"name":"wp","href":"https:\/\/api.w.org\/{rel}","templated":true}]}}