{"id":110,"date":"2025-06-10T22:45:23","date_gmt":"2025-06-10T20:45:23","guid":{"rendered":"https:\/\/wordpress2381438.home.pl\/autoinstalator\/wordpressplus1\/?page_id=110"},"modified":"2025-06-26T16:17:05","modified_gmt":"2025-06-26T14:17:05","slug":"zespol","status":"publish","type":"page","link":"https:\/\/www.artmatina.pl\/index.php\/zespol\/","title":{"rendered":""},"content":{"rendered":"\t\t<div data-elementor-type=\"wp-page\" data-elementor-id=\"110\" class=\"elementor elementor-110\">\n\t\t\t\t<div class=\"elementor-element elementor-element-6461b52 e-flex e-con-boxed e-con e-parent\" data-id=\"6461b52\" data-element_type=\"container\" data-settings=\"{&quot;background_background&quot;:&quot;slideshow&quot;,&quot;background_slideshow_gallery&quot;:[{&quot;id&quot;:63,&quot;url&quot;:&quot;http:\\\/\\\/wordpress2381438.home.pl\\\/autoinstalator\\\/wordpressplus1\\\/wp-content\\\/uploads\\\/2025\\\/06\\\/coroflex-37-scaled.jpg&quot;}],&quot;background_slideshow_loop&quot;:&quot;yes&quot;,&quot;background_slideshow_slide_duration&quot;:5000,&quot;background_slideshow_slide_transition&quot;:&quot;fade&quot;,&quot;background_slideshow_transition_duration&quot;:500}\">\n\t\t\t\t\t<div class=\"e-con-inner\">\n\t\t\t\t\t<\/div>\n\t\t\t\t<\/div>\n\t\t<div class=\"elementor-element elementor-element-a1fa411 e-flex e-con-boxed e-con e-parent\" data-id=\"a1fa411\" data-element_type=\"container\">\n\t\t\t\t\t<div class=\"e-con-inner\">\n\t\t\t\t<div class=\"elementor-element elementor-element-9b41cc4 elementor-widget elementor-widget-heading\" data-id=\"9b41cc4\" data-element_type=\"widget\" data-widget_type=\"heading.default\">\n\t\t\t\t<div class=\"elementor-widget-container\">\n\t\t\t\t\t<h2 class=\"elementor-heading-title elementor-size-default\">Poznaj nasz zesp\u00f3\u0142<\/h2>\t\t\t\t<\/div>\n\t\t\t\t<\/div>\n\t\t\t\t\t<\/div>\n\t\t\t\t<\/div>\n\t\t<div class=\"elementor-element elementor-element-4737cc4 e-flex e-con-boxed e-con e-parent\" data-id=\"4737cc4\" data-element_type=\"container\">\n\t\t\t\t\t<div class=\"e-con-inner\">\n\t\t<div class=\"elementor-element elementor-element-d48a394 e-con-full e-flex e-con e-child\" data-id=\"d48a394\" data-element_type=\"container\">\n\t\t\t\t<div class=\"elementor-element elementor-element-57920db elementor-widget elementor-widget-image\" data-id=\"57920db\" data-element_type=\"widget\" data-widget_type=\"image.default\">\n\t\t\t\t<div class=\"elementor-widget-container\">\n\t\t\t\t\t\t\t\t\t\t\t\t\t\t\t<img fetchpriority=\"high\" decoding=\"async\" width=\"640\" height=\"485\" src=\"https:\/\/www.artmatina.pl\/autoinstalator\/wordpressplus1\/wp-content\/uploads\/2025\/05\/Martyna-w-zespole-Sredni.jpeg\" class=\"attachment-large size-large wp-image-35\" alt=\"\" srcset=\"https:\/\/www.artmatina.pl\/autoinstalator\/wordpressplus1\/wp-content\/uploads\/2025\/05\/Martyna-w-zespole-Sredni.jpeg 640w, https:\/\/www.artmatina.pl\/autoinstalator\/wordpressplus1\/wp-content\/uploads\/2025\/05\/Martyna-w-zespole-Sredni-300x227.jpeg 300w\" sizes=\"(max-width: 640px) 100vw, 640px\" \/>\t\t\t\t\t\t\t\t\t\t\t\t\t\t\t<\/div>\n\t\t\t\t<\/div>\n\t\t\t\t<\/div>\n\t\t<div class=\"elementor-element elementor-element-6827eff e-con-full e-flex e-con e-child\" data-id=\"6827eff\" data-element_type=\"container\">\n\t\t\t\t<div class=\"elementor-element elementor-element-f2a6a7c elementor-widget elementor-widget-heading\" data-id=\"f2a6a7c\" data-element_type=\"widget\" data-widget_type=\"heading.default\">\n\t\t\t\t<div class=\"elementor-widget-container\">\n\t\t\t\t\t<h2 class=\"elementor-heading-title elementor-size-default\">Martyna \u0141aszczok<\/h2>\t\t\t\t<\/div>\n\t\t\t\t<\/div>\n\t\t\t\t<div class=\"elementor-element elementor-element-55111ec elementor-widget elementor-widget-text-editor\" data-id=\"55111ec\" data-element_type=\"widget\" data-widget_type=\"text-editor.default\">\n\t\t\t\t<div class=\"elementor-widget-container\">\n\t\t\t\t\t\t\t\t\t<p class=\"s3\"><span class=\"s2\">Artystka pasjonuj\u0105ca si\u0119 pi\u0119knym i tajemniczym \u015bwiatem dzieci\u0119cej wyobra\u017ani. <\/span><\/p><p class=\"s3\"><span class=\"s2\">Aktorka z wieloletnim do\u015bwiadczeniem scenicznym. Uko\u0144czy\u0142a Pa\u0144stwowe Policealne Studium Zawodowe Wokalno-Baletowe w Gliwicach oraz Pa\u0144stwow\u0105 Szko\u0142\u0119 Muzyczn\u0105 II stopnia im. G. Fitelberga w Chorzowie w klasie \u015bpiewu solowego. Szko\u0142y pozwoli\u0142y jej uzyska\u0107 niezb\u0119dne wykszta\u0142cenie i umiej\u0119tno\u015bci, aby wyst\u0119powa\u0107 na scenie Gliwickiego Teatru Muzycznego, wzi\u0105\u0107 udzia\u0142 w Europejskim Projekcie<\/span><span class=\"s4\"> \u201eIntegracja Europejska Ta\u0144cem i \u015apiewem\u201d<\/span><span class=\"s2\"> odbywaj\u0105cym si\u0119 we W\u0142oszech, jak r\u00f3wnie\u017c wiele lat wsp\u00f3\u0142pracowa\u0107 z Polskim Teatrem Historii, gdzie wciela\u0142a si\u0119 w g\u0142\u00f3wne postaci we wszystkich pozycjach repertuarowych.<\/span><\/p><p class=\"s3\"><span class=\"s2\">Jej pasja to nie tylko wyst\u0119py artystyczne, ale przede wszystkim sp\u0119dzanie czasu z dzie\u0107mi. Opr\u00f3cz wykszta\u0142cenia scenicznego posiada tytu\u0142 magistra teologii, z kt\u00f3rym wi\u0105\u017ce si\u0119 przygotowanie pedagogiczne do pracy z dzie\u0107mi w szkole i przedszkolu. Prywatnie jest mam\u0105 czw\u00f3rki wspania\u0142ych i \u017cywio\u0142owych dzieci, z kt\u00f3rymi uwielbia sp\u0119dza\u0107 kreatywnie czas. Posiada do\u015bwiadczenie w prowadzeniu animacji dla dzieci i zabaw okoliczno\u015bciowych.<\/span><\/p><p class=\"s3\"><span class=\"s2\">Po\u0142\u0105czenie mi\u0142o\u015bci do dzieci i pasji artystycznej zaowocowa\u0142o powstaniem Agencji Artystycznej ArtMatina, kt\u00f3ra \u0142\u0105czy \u015bwietn\u0105 zabaw\u0119 z edukacj\u0105 i wysokim poziomem artystycznym.<\/span><\/p><p class=\"s5\"><span class=\"s2\">Martyna \u0141aszczok:<\/span><\/p><ul><li class=\"s5\"><span class=\"s2\">Aktor Scen Muzycznych<\/span><\/li><li class=\"s5\"><span class=\"s2\">mgr Teologii <\/span><\/li><li class=\"s5\"><span class=\"s2\">Wykszta\u0142cenie pedagogiczne<\/span><\/li><li class=\"s5\"><span class=\"s2\">Wokalistka<\/span><\/li><\/ul>\t\t\t\t\t\t\t\t<\/div>\n\t\t\t\t<\/div>\n\t\t\t\t<\/div>\n\t\t\t\t\t<\/div>\n\t\t\t\t<\/div>\n\t\t<div class=\"elementor-element elementor-element-b2612d7 e-flex e-con-boxed e-con e-parent\" data-id=\"b2612d7\" data-element_type=\"container\">\n\t\t\t\t\t<div class=\"e-con-inner\">\n\t\t<div class=\"elementor-element elementor-element-65eac58 e-con-full e-flex e-con e-child\" data-id=\"65eac58\" data-element_type=\"container\">\n\t\t\t\t<div class=\"elementor-element elementor-element-5eda357 elementor-widget elementor-widget-image\" data-id=\"5eda357\" data-element_type=\"widget\" data-widget_type=\"image.default\">\n\t\t\t\t<div class=\"elementor-widget-container\">\n\t\t\t\t\t\t\t\t\t\t\t\t\t\t\t<img decoding=\"async\" width=\"522\" height=\"637\" src=\"https:\/\/www.artmatina.pl\/autoinstalator\/wordpressplus1\/wp-content\/uploads\/2025\/06\/Sylwia-e1749161782107.jpg\" class=\"attachment-large size-large wp-image-69\" alt=\"\" srcset=\"https:\/\/www.artmatina.pl\/autoinstalator\/wordpressplus1\/wp-content\/uploads\/2025\/06\/Sylwia-e1749161782107.jpg 522w, https:\/\/www.artmatina.pl\/autoinstalator\/wordpressplus1\/wp-content\/uploads\/2025\/06\/Sylwia-e1749161782107-246x300.jpg 246w\" sizes=\"(max-width: 522px) 100vw, 522px\" \/>\t\t\t\t\t\t\t\t\t\t\t\t\t\t\t<\/div>\n\t\t\t\t<\/div>\n\t\t\t\t<\/div>\n\t\t<div class=\"elementor-element elementor-element-5d48891 e-con-full e-flex e-con e-child\" data-id=\"5d48891\" data-element_type=\"container\">\n\t\t\t\t<div class=\"elementor-element elementor-element-22bd7e2 elementor-widget elementor-widget-heading\" data-id=\"22bd7e2\" data-element_type=\"widget\" data-widget_type=\"heading.default\">\n\t\t\t\t<div class=\"elementor-widget-container\">\n\t\t\t\t\t<h2 class=\"elementor-heading-title elementor-size-default\">Sylwia Szyda<\/h2>\t\t\t\t<\/div>\n\t\t\t\t<\/div>\n\t\t\t\t<div class=\"elementor-element elementor-element-27173ae elementor-widget elementor-widget-text-editor\" data-id=\"27173ae\" data-element_type=\"widget\" data-widget_type=\"text-editor.default\">\n\t\t\t\t<div class=\"elementor-widget-container\">\n\t\t\t\t\t\t\t\t\t<p><span style=\"font-weight: 400;\">Artystka z dusz\u0105 dziecka i sercem pe\u0142nym mi\u0142o\u015bci.\u00a0<\/span><\/p><p><span style=\"font-weight: 400;\">Dyplomowana, do\u015bwiadczona aktorka i wokalistka. Wyst\u0119powa\u0142a na scenie Gliwickiego Teatru Muzycznego, gdzie obsadzona by\u0142a w wi\u0119kszo\u015bci pozycji repertuarowych, jak r\u00f3wnie\u017c wsp\u00f3\u0142pracowa\u0142a z Teatrem Muzycznym IWIA, Teatrem Mariana Makuli oraz Polskim Teatrem Historii. Uwielbia podr\u00f3\u017ce, dlatego te\u017c ch\u0119tnie bierze udzia\u0142 w europejskich projektach artystycznych \u2013 wyst\u0119powa\u0142a we Florencji, na Sycylii i we Francji. Uko\u0144czy\u0142a Pa\u0144stwowe Policealne Studium Zawodowe Wokalno &#8211; Baletowe w Gliwicach, aktualnie odnosi sukcesy \u015bpiewaj\u0105c w Zespole Pie\u015bni i Ta\u0144ca im. Stanis\u0142awa Hadyny w Kosz\u0119cinie.\u00a0<\/span><\/p><p><span style=\"font-weight: 400;\">Szcz\u0119\u015bliwa mama tr\u00f3jki dzieci. Ka\u017cdego dnia z czu\u0142o\u015bci\u0105 i konsekwencj\u0105 uczy swoje dzieci, \u017ce najwa\u017cniejsze to by\u0107 po prostu dobrym cz\u0142owiekiem. Wychowana na bajkach Disneya, do dzi\u015b nosi w sobie ich magi\u0119: \u201cmarzy\u0142am o karierze w Disneylandzie i wci\u0105\u017c, z u\u015bmiechem na twarzy, wcielam si\u0119 w ulubione bajkowe postacie. Moja pasja do \u015bwiata fantazji \u0142\u0105czy si\u0119 z g\u0142\u0119bok\u0105 wra\u017cliwo\u015bci\u0105 i autentyczno\u015bci\u0105, kt\u00f3re sprawiaj\u0105, \u017ce dzieci czuj\u0105 si\u0119 przy mnie jak w opowie\u015bci ze szcz\u0119\u015bliwym zako\u0144czeniem. Nie tylko wierz\u0119 w magi\u0119 \u2013 ja j\u0105 tworz\u0119&#8221;.\u00a0<\/span><\/p><ul><li><span style=\"font-weight: 400;\">Sylwia Szyda<\/span><\/li><li><span style=\"font-weight: 400;\">Aktor Scen Muzycznych<\/span><\/li><li><span style=\"font-weight: 400;\">Wokalistka<\/span><\/li><li><span style=\"font-weight: 400;\">Animatorka\u00a0<\/span><\/li><\/ul>\t\t\t\t\t\t\t\t<\/div>\n\t\t\t\t<\/div>\n\t\t\t\t<\/div>\n\t\t\t\t\t<\/div>\n\t\t\t\t<\/div>\n\t\t<div class=\"elementor-element elementor-element-ec7a2b3 e-flex e-con-boxed e-con e-parent\" data-id=\"ec7a2b3\" data-element_type=\"container\">\n\t\t\t\t\t<div class=\"e-con-inner\">\n\t\t<div class=\"elementor-element elementor-element-06da5a7 e-con-full e-flex e-con e-child\" data-id=\"06da5a7\" data-element_type=\"container\">\n\t\t\t\t<div class=\"elementor-element elementor-element-a0ca889 elementor-widget elementor-widget-image\" data-id=\"a0ca889\" data-element_type=\"widget\" data-widget_type=\"image.default\">\n\t\t\t\t<div class=\"elementor-widget-container\">\n\t\t\t\t\t\t\t\t\t\t\t\t\t\t\t<img decoding=\"async\" width=\"682\" height=\"1024\" src=\"https:\/\/www.artmatina.pl\/autoinstalator\/wordpressplus1\/wp-content\/uploads\/2025\/06\/Maria-Gawronska-682x1024.jpg\" class=\"attachment-large size-large wp-image-189\" alt=\"\" srcset=\"https:\/\/www.artmatina.pl\/autoinstalator\/wordpressplus1\/wp-content\/uploads\/2025\/06\/Maria-Gawronska-682x1024.jpg 682w, https:\/\/www.artmatina.pl\/autoinstalator\/wordpressplus1\/wp-content\/uploads\/2025\/06\/Maria-Gawronska-200x300.jpg 200w, https:\/\/www.artmatina.pl\/autoinstalator\/wordpressplus1\/wp-content\/uploads\/2025\/06\/Maria-Gawronska-768x1152.jpg 768w, https:\/\/www.artmatina.pl\/autoinstalator\/wordpressplus1\/wp-content\/uploads\/2025\/06\/Maria-Gawronska-1024x1536.jpg 1024w, https:\/\/www.artmatina.pl\/autoinstalator\/wordpressplus1\/wp-content\/uploads\/2025\/06\/Maria-Gawronska.jpg 1333w\" sizes=\"(max-width: 682px) 100vw, 682px\" \/>\t\t\t\t\t\t\t\t\t\t\t\t\t\t\t<\/div>\n\t\t\t\t<\/div>\n\t\t\t\t<\/div>\n\t\t<div class=\"elementor-element elementor-element-be80b83 e-con-full e-flex e-con e-child\" data-id=\"be80b83\" data-element_type=\"container\">\n\t\t\t\t<div class=\"elementor-element elementor-element-1f39f60 elementor-widget elementor-widget-heading\" data-id=\"1f39f60\" data-element_type=\"widget\" data-widget_type=\"heading.default\">\n\t\t\t\t<div class=\"elementor-widget-container\">\n\t\t\t\t\t<h2 class=\"elementor-heading-title elementor-size-default\">Maria Gawro\u0144ska<\/h2>\t\t\t\t<\/div>\n\t\t\t\t<\/div>\n\t\t\t\t<div class=\"elementor-element elementor-element-8a716a5 elementor-widget elementor-widget-text-editor\" data-id=\"8a716a5\" data-element_type=\"widget\" data-widget_type=\"text-editor.default\">\n\t\t\t\t<div class=\"elementor-widget-container\">\n\t\t\t\t\t\t\t\t\t<p class=\"p1\">Zawodowy muzyk, wci\u0105\u017c czerpi\u0105cy inspiracj\u0119 od swojego wewn\u0119trznego dziecka.<\/p><p class=\"p1\">Zawodowo uczy gry na skrzypcach w Spo\u0142ecznym Ognisku Muzycznym w Siemianowicach \u015al\u0105skich oraz Chorzowie. W ramach wsp\u00f3\u0142pracy z Ogniskiem prowadzi zaj\u0119cia rytmiczne dla najm\u0142odszych dzieci w wieku 3-6 lat.<\/p><p class=\"p1\">Wsp\u00f3\u0142tworzy dwa \u017ce\u0144skie kwartety smyczkowe: Escape i Les Femmes. Swoj\u0105 gr\u0105 u\u015bwietniaj\u0105 najcz\u0119\u015bciej uroczysto\u015bci weselne i \u015blubne, a tak\u017ce spotkania firmowe.<\/p><p class=\"p1\">Uko\u0144czy\u0142a Pa\u0144stwow\u0105 Szko\u0142\u0119 Muzyczn\u0105 I st. w Rudzie \u015al\u0105skiej w klasie skrzypiec mgr Joanny Kwapi\u0144skiej w roku 1999, a w 2005 roku w klasie alt\u00f3wki mgr Krzysztofa Batoga Og\u00f3lnokszta\u0142c\u0105c\u0105 Szko\u0142\u0119 Muzyczn\u0105 II st. w Bytomiu.<\/p><p class=\"p1\">W 2010 roku uko\u0144czy\u0142a Akademi\u0119 Muzyczn\u0105 im. Karola Szymanowskiego w Katowicach w klasie alt\u00f3wki profesora Zygmunta Jochemczyka i El\u017cbiety Mro\u017cek- Loski. W czasie trwania studi\u00f3w bra\u0142a czynny udzia\u0142 w wielu projektach Akademickiej Orkiestry Symfonicznej, mi\u0119dzy innymi podczas festiwalu Warszawska Jesie\u0144.<\/p><p class=\"p1\">Mia\u0142a okazj\u0119 wsp\u00f3\u0142pracowa\u0107 r\u00f3wnie\u017c ze \u015al\u0105sk\u0105 Orkiestr\u0105 Kameraln\u0105, Zespo\u0142em Pie\u015bni i Ta\u0144ca \u015al\u0105sk, zespo\u0142em muzycznym Teatru Rozrywki.<\/p><ul><li class=\"p1\">mgr sztuki w specjalno\u015bci gra na alt\u00f3wce<\/li><li class=\"p1\">nauczyciel gry na skrzypcach<\/li><li class=\"p1\">animatorka zabaw muzycznych i rytmicznych<\/li><\/ul>\t\t\t\t\t\t\t\t<\/div>\n\t\t\t\t<\/div>\n\t\t\t\t<\/div>\n\t\t\t\t\t<\/div>\n\t\t\t\t<\/div>\n\t\t<div class=\"elementor-element elementor-element-bf98079 e-flex e-con-boxed e-con e-parent\" data-id=\"bf98079\" data-element_type=\"container\">\n\t\t\t\t\t<div class=\"e-con-inner\">\n\t\t<div class=\"elementor-element elementor-element-a3fbe39 e-con-full e-flex e-con e-child\" data-id=\"a3fbe39\" data-element_type=\"container\">\n\t\t\t\t<div class=\"elementor-element elementor-element-d212f33 elementor-widget elementor-widget-image\" data-id=\"d212f33\" data-element_type=\"widget\" data-widget_type=\"image.default\">\n\t\t\t\t<div class=\"elementor-widget-container\">\n\t\t\t\t\t\t\t\t\t\t\t\t\t\t\t<img loading=\"lazy\" decoding=\"async\" width=\"681\" height=\"1024\" src=\"https:\/\/www.artmatina.pl\/autoinstalator\/wordpressplus1\/wp-content\/uploads\/2025\/06\/Pawel-Gwizdala-1-681x1024.jpg\" class=\"attachment-large size-large wp-image-68\" alt=\"\" srcset=\"https:\/\/www.artmatina.pl\/autoinstalator\/wordpressplus1\/wp-content\/uploads\/2025\/06\/Pawel-Gwizdala-1-681x1024.jpg 681w, https:\/\/www.artmatina.pl\/autoinstalator\/wordpressplus1\/wp-content\/uploads\/2025\/06\/Pawel-Gwizdala-1-200x300.jpg 200w, https:\/\/www.artmatina.pl\/autoinstalator\/wordpressplus1\/wp-content\/uploads\/2025\/06\/Pawel-Gwizdala-1-768x1155.jpg 768w, https:\/\/www.artmatina.pl\/autoinstalator\/wordpressplus1\/wp-content\/uploads\/2025\/06\/Pawel-Gwizdala-1-1022x1536.jpg 1022w, https:\/\/www.artmatina.pl\/autoinstalator\/wordpressplus1\/wp-content\/uploads\/2025\/06\/Pawel-Gwizdala-1-e1749161855806.jpg 522w\" sizes=\"(max-width: 681px) 100vw, 681px\" \/>\t\t\t\t\t\t\t\t\t\t\t\t\t\t\t<\/div>\n\t\t\t\t<\/div>\n\t\t\t\t<\/div>\n\t\t<div class=\"elementor-element elementor-element-0d90782 e-con-full e-flex e-con e-child\" data-id=\"0d90782\" data-element_type=\"container\">\n\t\t\t\t<div class=\"elementor-element elementor-element-3ff8930 elementor-widget elementor-widget-heading\" data-id=\"3ff8930\" data-element_type=\"widget\" data-widget_type=\"heading.default\">\n\t\t\t\t<div class=\"elementor-widget-container\">\n\t\t\t\t\t<h2 class=\"elementor-heading-title elementor-size-default\">Pawe\u0142 Gwizda\u0142a<\/h2>\t\t\t\t<\/div>\n\t\t\t\t<\/div>\n\t\t\t\t<div class=\"elementor-element elementor-element-c37f9bd elementor-widget elementor-widget-text-editor\" data-id=\"c37f9bd\" data-element_type=\"widget\" data-widget_type=\"text-editor.default\">\n\t\t\t\t<div class=\"elementor-widget-container\">\n\t\t\t\t\t\t\t\t\t<p class=\"s3\"><span class=\"s2\">Uko\u0144czy\u0142 <\/span><span class=\"s2\">Szko\u0142\u0119 Aktorsk\u0105<\/span><span class=\"s2\"> SPOT <\/span><span class=\"s2\">w Krakowie na Wydziale Wokalno-Aktorskim<\/span><span class=\"s2\">. \u00a0<\/span><span class=\"s2\">Wsp\u00f3\u0142pracowa\u0142 z Teatrem Wsp\u00f3\u0142czesnym w Krakowie oraz Polskim Teatrem Historii w Miko\u0142owie, gdzie wyst\u0119powa\u0142 we wszystkich pozycjach repertuarowych. <\/span><\/p><p class=\"s3\"><span class=\"s2\">Otrzyma\u0142 II Nagrod\u0119 Telewizji Polskiej S.A za przedstawienie \u201ePorwanie\u201d. <\/span><span class=\"s2\">Obecnie zatrudniony w Agencji Artystycznej PRYM ART oraz wsp\u00f3\u0142pracuje z Agencj\u0105 Artystyczn\u0105 ArtMatina.<\/span><\/p><p class=\"s3\"><span class=\"s2\">Prywatnie kochaj\u0105cy ojciec dw\u00f3ch wspania\u0142ych c\u00f3rek. O wyst\u0119powaniu dla dzieci\u0119cej publiczno\u015bci napisa\u0142: <\/span><\/p><p class=\"s3\"><em><span class=\"s2\">\u201eLubi\u0119 wyst\u0119powa\u0107 dla dzieci, serio. Najm\u0142odsi to wymagaj\u0105ca publiczno\u015b\u0107, dlatego teatr dla nich musi by\u0107 na poziomie TOP!!\u201d<\/span><\/em><\/p>\t\t\t\t\t\t\t\t<\/div>\n\t\t\t\t<\/div>\n\t\t\t\t<\/div>\n\t\t\t\t\t<\/div>\n\t\t\t\t<\/div>\n\t\t<div class=\"elementor-element elementor-element-c389077 e-flex e-con-boxed e-con e-parent\" data-id=\"c389077\" data-element_type=\"container\">\n\t\t\t\t\t<div class=\"e-con-inner\">\n\t\t<div class=\"elementor-element elementor-element-114997c e-con-full e-flex e-con e-child\" data-id=\"114997c\" data-element_type=\"container\">\n\t\t<div class=\"elementor-element elementor-element-9ce1235 e-con-full e-flex e-con e-child\" data-id=\"9ce1235\" data-element_type=\"container\">\n\t\t\t\t<div class=\"elementor-element elementor-element-bd243b1 elementor-view-default elementor-widget elementor-widget-icon\" data-id=\"bd243b1\" data-element_type=\"widget\" data-widget_type=\"icon.default\">\n\t\t\t\t<div class=\"elementor-widget-container\">\n\t\t\t\t\t\t\t<div class=\"elementor-icon-wrapper\">\n\t\t\t<a class=\"elementor-icon\" href=\"https:\/\/www.facebook.com\/profile.php?id=61575994934686\">\n\t\t\t<svg aria-hidden=\"true\" class=\"e-font-icon-svg e-fab-facebook-f\" viewBox=\"0 0 320 512\" xmlns=\"http:\/\/www.w3.org\/2000\/svg\"><path d=\"M279.14 288l14.22-92.66h-88.91v-60.13c0-25.35 12.42-50.06 52.24-50.06h40.42V6.26S260.43 0 225.36 0c-73.22 0-121.08 44.38-121.08 124.72v70.62H22.89V288h81.39v224h100.17V288z\"><\/path><\/svg>\t\t\t<\/a>\n\t\t<\/div>\n\t\t\t\t\t\t<\/div>\n\t\t\t\t<\/div>\n\t\t\t\t<\/div>\n\t\t<div class=\"elementor-element elementor-element-08fd504 e-con-full e-flex e-con e-child\" data-id=\"08fd504\" data-element_type=\"container\">\n\t\t\t\t<div class=\"elementor-element elementor-element-8cb95e7 elementor-view-default elementor-widget elementor-widget-icon\" data-id=\"8cb95e7\" data-element_type=\"widget\" data-widget_type=\"icon.default\">\n\t\t\t\t<div class=\"elementor-widget-container\">\n\t\t\t\t\t\t\t<div class=\"elementor-icon-wrapper\">\n\t\t\t<a class=\"elementor-icon\" href=\"https:\/\/www.linkedin.com\/in\/martyna-%C5%82aszczok-a2298336b\/\">\n\t\t\t<svg aria-hidden=\"true\" class=\"e-font-icon-svg e-fab-linkedin-in\" viewBox=\"0 0 448 512\" xmlns=\"http:\/\/www.w3.org\/2000\/svg\"><path d=\"M100.28 448H7.4V148.9h92.88zM53.79 108.1C24.09 108.1 0 83.5 0 53.8a53.79 53.79 0 0 1 107.58 0c0 29.7-24.1 54.3-53.79 54.3zM447.9 448h-92.68V302.4c0-34.7-.7-79.2-48.29-79.2-48.29 0-55.69 37.7-55.69 76.7V448h-92.78V148.9h89.08v40.8h1.3c12.4-23.5 42.69-48.3 87.88-48.3 94 0 111.28 61.9 111.28 142.3V448z\"><\/path><\/svg>\t\t\t<\/a>\n\t\t<\/div>\n\t\t\t\t\t\t<\/div>\n\t\t\t\t<\/div>\n\t\t\t\t<\/div>\n\t\t<div class=\"elementor-element elementor-element-2b691d5 e-con-full e-flex e-con e-child\" data-id=\"2b691d5\" data-element_type=\"container\">\n\t\t\t\t<div class=\"elementor-element elementor-element-89a63e5 elementor-view-default elementor-widget elementor-widget-icon\" data-id=\"89a63e5\" data-element_type=\"widget\" data-widget_type=\"icon.default\">\n\t\t\t\t<div class=\"elementor-widget-container\">\n\t\t\t\t\t\t\t<div class=\"elementor-icon-wrapper\">\n\t\t\t<a class=\"elementor-icon\" href=\"https:\/\/www.instagram.com\/agencja_artystyczna_artmatina?fbclid=IwY2xjawLKMRxleHRuA2FlbQIxMAABHnX5ozMdPlbwZfgptawbVdlwP0AAaRlFLWGMlV3bskJ14yQpayNZaRLf6M1k_aem_8ojFr03SPWvoVaQCz2grxQ\">\n\t\t\t<svg aria-hidden=\"true\" class=\"e-font-icon-svg e-fab-instagram\" viewBox=\"0 0 448 512\" xmlns=\"http:\/\/www.w3.org\/2000\/svg\"><path d=\"M224.1 141c-63.6 0-114.9 51.3-114.9 114.9s51.3 114.9 114.9 114.9S339 319.5 339 255.9 287.7 141 224.1 141zm0 189.6c-41.1 0-74.7-33.5-74.7-74.7s33.5-74.7 74.7-74.7 74.7 33.5 74.7 74.7-33.6 74.7-74.7 74.7zm146.4-194.3c0 14.9-12 26.8-26.8 26.8-14.9 0-26.8-12-26.8-26.8s12-26.8 26.8-26.8 26.8 12 26.8 26.8zm76.1 27.2c-1.7-35.9-9.9-67.7-36.2-93.9-26.2-26.2-58-34.4-93.9-36.2-37-2.1-147.9-2.1-184.9 0-35.8 1.7-67.6 9.9-93.9 36.1s-34.4 58-36.2 93.9c-2.1 37-2.1 147.9 0 184.9 1.7 35.9 9.9 67.7 36.2 93.9s58 34.4 93.9 36.2c37 2.1 147.9 2.1 184.9 0 35.9-1.7 67.7-9.9 93.9-36.2 26.2-26.2 34.4-58 36.2-93.9 2.1-37 2.1-147.8 0-184.8zM398.8 388c-7.8 19.6-22.9 34.7-42.6 42.6-29.5 11.7-99.5 9-132.1 9s-102.7 2.6-132.1-9c-19.6-7.8-34.7-22.9-42.6-42.6-11.7-29.5-9-99.5-9-132.1s-2.6-102.7 9-132.1c7.8-19.6 22.9-34.7 42.6-42.6 29.5-11.7 99.5-9 132.1-9s102.7-2.6 132.1 9c19.6 7.8 34.7 22.9 42.6 42.6 11.7 29.5 9 99.5 9 132.1s2.7 102.7-9 132.1z\"><\/path><\/svg>\t\t\t<\/a>\n\t\t<\/div>\n\t\t\t\t\t\t<\/div>\n\t\t\t\t<\/div>\n\t\t\t\t<\/div>\n\t\t<div class=\"elementor-element elementor-element-70289ba e-con-full e-flex e-con e-child\" data-id=\"70289ba\" data-element_type=\"container\">\n\t\t\t\t<\/div>\n\t\t\t\t<\/div>\n\t\t\t\t\t<\/div>\n\t\t\t\t<\/div>\n\t\t\t\t<\/div>\n\t\t","protected":false},"excerpt":{"rendered":"<p>Poznaj nasz zesp\u00f3\u0142 Martyna \u0141aszczok Artystka pasjonuj\u0105ca si\u0119 pi\u0119knym i tajemniczym \u015bwiatem dzieci\u0119cej wyobra\u017ani. Aktorka z wieloletnim do\u015bwiadczeniem scenicznym. Uko\u0144czy\u0142a Pa\u0144stwowe Policealne Studium Zawodowe Wokalno-Baletowe w Gliwicach oraz Pa\u0144stwow\u0105 Szko\u0142\u0119 Muzyczn\u0105 II stopnia im. G. Fitelberga w Chorzowie w klasie \u015bpiewu solowego. Szko\u0142y pozwoli\u0142y jej uzyska\u0107 niezb\u0119dne wykszta\u0142cenie i umiej\u0119tno\u015bci, aby wyst\u0119powa\u0107 na scenie Gliwickiego [&hellip;]<\/p>\n","protected":false},"author":1,"featured_media":0,"parent":0,"menu_order":0,"comment_status":"closed","ping_status":"closed","template":"","meta":{"footnotes":""},"class_list":["post-110","page","type-page","status-publish","hentry"],"_links":{"self":[{"href":"https:\/\/www.artmatina.pl\/index.php\/wp-json\/wp\/v2\/pages\/110","targetHints":{"allow":["GET"]}}],"collection":[{"href":"https:\/\/www.artmatina.pl\/index.php\/wp-json\/wp\/v2\/pages"}],"about":[{"href":"https:\/\/www.artmatina.pl\/index.php\/wp-json\/wp\/v2\/types\/page"}],"author":[{"embeddable":true,"href":"https:\/\/www.artmatina.pl\/index.php\/wp-json\/wp\/v2\/users\/1"}],"replies":[{"embeddable":true,"href":"https:\/\/www.artmatina.pl\/index.php\/wp-json\/wp\/v2\/comments?post=110"}],"version-history":[{"count":23,"href":"https:\/\/www.artmatina.pl\/index.php\/wp-json\/wp\/v2\/pages\/110\/revisions"}],"predecessor-version":[{"id":268,"href":"https:\/\/www.artmatina.pl\/index.php\/wp-json\/wp\/v2\/pages\/110\/revisions\/268"}],"wp:attachment":[{"href":"https:\/\/www.artmatina.pl\/index.php\/wp-json\/wp\/v2\/media?parent=110"}],"curies":[{"name":"wp","href":"https:\/\/api.w.org\/{rel}","templated":true}]}}